{"id":55,"date":"2024-01-30T15:48:20","date_gmt":"2024-01-30T18:48:20","guid":{"rendered":"http:\/\/gfcagency.com.ar\/?page_id=55"},"modified":"2024-03-05T19:05:03","modified_gmt":"2024-03-05T22:05:03","slug":"politica-de-privacidad","status":"publish","type":"page","link":"https:\/\/gfcagency.com.ar\/index.php\/politica-de-privacidad\/","title":{"rendered":"Pol\u00edtica de Privacidad"},"content":{"rendered":"\t\t<div data-elementor-type=\"wp-page\" data-elementor-id=\"55\" class=\"elementor elementor-55\">\n\t\t\t\t\t\t<section class=\"elementor-section elementor-top-section elementor-element elementor-element-e0f5fa6 elementor-section-height-min-height elementor-section-boxed elementor-section-height-default elementor-section-items-middle\" data-id=\"e0f5fa6\" data-element_type=\"section\" data-e-type=\"section\" data-settings=\"{&quot;background_background&quot;:&quot;classic&quot;}\">\n\t\t\t\t\t\t\t<div class=\"elementor-background-overlay\"><\/div>\n\t\t\t\t\t\t\t<div class=\"elementor-container elementor-column-gap-default\">\n\t\t\t\t\t<div class=\"elementor-column elementor-col-100 elementor-top-column elementor-element elementor-element-f0143b6\" data-id=\"f0143b6\" data-element_type=\"column\" data-e-type=\"column\">\n\t\t\t<div class=\"elementor-widget-wrap elementor-element-populated\">\n\t\t\t\t\t\t<div class=\"elementor-element elementor-element-00dcdb5 elementor-widget elementor-widget-heading\" data-id=\"00dcdb5\" data-element_type=\"widget\" data-e-type=\"widget\" data-widget_type=\"heading.default\">\n\t\t\t\t<div class=\"elementor-widget-container\">\n\t\t\t\t\t<h2 class=\"elementor-heading-title elementor-size-default\">POL\u00cdTICA DE PRIVACIDAD<\/h2>\t\t\t\t<\/div>\n\t\t\t\t<\/div>\n\t\t\t\t\t<\/div>\n\t\t<\/div>\n\t\t\t\t\t<\/div>\n\t\t<\/section>\n\t\t\t\t<section class=\"elementor-section elementor-top-section elementor-element elementor-element-e06ff48 elementor-section-boxed elementor-section-height-default elementor-section-height-default\" data-id=\"e06ff48\" data-element_type=\"section\" data-e-type=\"section\">\n\t\t\t\t\t\t<div class=\"elementor-container elementor-column-gap-default\">\n\t\t\t\t\t<div class=\"elementor-column elementor-col-100 elementor-top-column elementor-element elementor-element-4fb6003\" data-id=\"4fb6003\" data-element_type=\"column\" data-e-type=\"column\">\n\t\t\t<div class=\"elementor-widget-wrap elementor-element-populated\">\n\t\t\t\t\t\t<div class=\"elementor-element elementor-element-dbd3ea7 elementor-widget elementor-widget-text-editor\" data-id=\"dbd3ea7\" data-element_type=\"widget\" data-e-type=\"widget\" data-widget_type=\"text-editor.default\">\n\t\t\t\t<div class=\"elementor-widget-container\">\n\t\t\t\t\t\t\t\t\t<p style=\"text-align: center;\">Pol\u00edtica de privacidad de GFC AGENCY<\/p><p>\u00a0<\/p><p>Esta Pol\u00edtica de privacidad describe c\u00f3mo se recopila, utiliza y comparte su informaci\u00f3n personal cuando visita o hace una compra en gfcagency.com.ar (denominado en lo sucesivo el \u201cSitio\u201d).<\/p><p>\u00a0<\/p><p>INFORMACI\u00d3N PERSONAL QUE RECOPILAMOS<\/p><p>\u00a0<\/p><p>Cuando visita el Sitio, recopilamos autom\u00e1ticamente cierta informaci\u00f3n sobre su dispositivo, incluida informaci\u00f3n sobre su navegador web, direcci\u00f3n IP, zona horaria y algunas de las cookies que est\u00e1n instaladas en su dispositivo. Adem\u00e1s, a medida que navega por el Sitio, recopilamos informaci\u00f3n sobre las p\u00e1ginas web individuales o los productos que ve, las p\u00e1ginas web o los t\u00e9rminos de b\u00fasqueda que lo remitieron al Sitio e informaci\u00f3n sobre c\u00f3mo interact\u00faa usted con el Sitio. Nos referimos a esta informaci\u00f3n recopilada autom\u00e1ticamente como \u201cInformaci\u00f3n del dispositivo\u201d.<\/p><p>\u00a0<\/p><p>Recopilamos Informaci\u00f3n del dispositivo mediante el uso de las siguientes tecnolog\u00edas:<\/p><p>\u00a0<\/p><p>\u00a0COOKIES<\/p><p>\u00a0<\/p><p>Aqu\u00ed tienes una lista de cookies que utilizamos. Las enlistamos para que puedas elegir si quieres optar por quitarlas o no.<\/p><p>\u00a0<\/p><p>_session_id, unique token, sessional, permite\u00a0 WordPress almacenar informaci\u00f3n sobre su sesi\u00f3n (referido , p\u00e1gina de destino, etc).<\/p><p>\u00a0<\/p><p>_wordpress_visit,sin retenci\u00f3n de datos ,\u00a0persistente durante 30 minutos desde la \u00faltima visita,\u00a0Utilizado por el rastreador de estad\u00edsticas interno de nuestro proveedor de sitios web para registrar el n\u00famero de visitas.\u00a0<\/p><p>\u00a0<\/p><p>_wordpress_uniq, no se conservan datos, vence a la medianoche (en relaci\u00f3n con el visitante) del d\u00eda siguiente, cuenta el n\u00famero de visitas a una tienda por parte de un solo cliente.<\/p><p>\u00a0<\/p><p>cart, unique token,\u00a0persistente durante 2 semanas, almacena informaci\u00f3n sobre el contenido de su carrito.\u00a0<\/p><p>\u00a0<\/p><p>_secure_session_id, unique token, de una sesi\u00f3n.<\/p><p>\u00a0<\/p><p>storefront_digest, unique token,\u00a0indefinido, Si la tienda tiene una contrase\u00f1a, \u00e9sta se utiliza para determinar si el visitante actual tiene acceso.\u00a0<\/p><p>&#8211; Los \u201cArchivos de registro\u201d rastrean las acciones que ocurren en el Sitio y recopilan datos, incluyendo su direcci\u00f3n IP, tipo de navegador, proveedor de servicio de Internet, p\u00e1ginas de referencia\/salida y marcas de fecha\/horario.<\/p><p>\u00a0\u00a0\u00a0 &#8211; Las \u201cbalizas web\u201d, las \u201cetiquetas\u201d y los \u201cp\u00edxeles\u201d son archivos electr\u00f3nicos utilizados para registrar informaci\u00f3n sobre c\u00f3mo navega usted por el Sitio.<\/p><p>\u00a0 \u00a0\u00a0<span style=\"font-style: inherit; font-weight: inherit; color: var( --e-global-color-text ); font-family: var( --e-global-typography-text-font-family ), Sans-serif; background-color: var(--ast-global-color-5);\">Adem\u00e1s, cuando hace una compra o intenta hacer una compra a trav\u00e9s del Sitio, recopilamos cierta informaci\u00f3n de usted, entre la que se incluye su nombre, direcci\u00f3n de facturaci\u00f3n, direcci\u00f3n de env\u00edo, informaci\u00f3n de pago (incluidos los n\u00fameros de la tarjeta de cr\u00e9dito, etc), direcci\u00f3n de correo electr\u00f3nico y n\u00famero de tel\u00e9fono.\u00a0 Nos referimos a esta informaci\u00f3n como \u201cInformaci\u00f3n del pedido\u201d.<\/span><\/p><p>\u00a0<\/p><p>[[INSERTAR CUALQUIER OTRA INFORMACI\u00d3N QUE USTED RECOPILA: DATOS SIN CONEXI\u00d3N, LISTAS\/DATOS DE MARKETING ADQUIRIDOS]]<\/p><p>\u00a0<\/p><p>Cuando hablamos de \u201cInformaci\u00f3n personal\u201d en la presente Pol\u00edtica de privacidad, nos referimos tanto a la Informaci\u00f3n del dispositivo como a la Informaci\u00f3n del pedido.<\/p><p>\u00a0<\/p><p>\u00bfC\u00d3MO UTILIZAMOS SU INFORMACI\u00d3N PERSONAL?<\/p><p>\u00a0<\/p><p>Usamos la Informaci\u00f3n del pedido que recopilamos en general para preparar los pedidos realizados a trav\u00e9s del Sitio (incluido el procesamiento de su informaci\u00f3n de pago, la organizaci\u00f3n de los env\u00edos y la entrega de facturas y\/o confirmaciones de pedido). \u00a0Adem\u00e1s, utilizamos esta Informaci\u00f3n del pedido para: comunicarnos con usted;<\/p><p>examinar nuestros pedidos en busca de fraudes o riesgos potenciales; y cuando de acuerdo con las preferencias que usted comparti\u00f3 con nosotros, le proporcionamos informaci\u00f3n o publicidad relacionada con nuestros productos o servicios.<\/p><p>[[INSERTAR OTROS USOS DE INFORMACI\u00d3N DEL PEDIDO]]<\/p><p>Utilizamos la Informaci\u00f3n del dispositivo que recopilamos para ayudarnos a detectar posibles riesgos y fraudes (en particular, su direcci\u00f3n IP) y, en general, para mejorar y optimizar nuestro Sitio (por ejemplo, al generar informes y estad\u00edsticas sobre c\u00f3mo nuestros clientes navegan e interact\u00faan con el Sitio y para evaluar el \u00e9xito de nuestras campa\u00f1as publicitarias y de marketing).<\/p><p>[[INSERTAR OTROS USOS DE INFORMACI\u00d3N DEL DISPOSITIVO, INCLUIDOS PUBLICIDAD\/RETARGETING]]<\/p><p>COMPARTIR SU INFORMACI\u00d3N PERSONAL<\/p><p>\u00a0<\/p><p>Compartimos su Informaci\u00f3n personal con terceros para que nos ayuden a utilizar su Informaci\u00f3n personal, tal como se describi\u00f3 anteriormente.\u00a0 Por ejemplo, utilizamos la tecnolog\u00eda de Woocommerce en nuestra tienda online. Puede obtener m\u00e1s informaci\u00f3n sobre c\u00f3mo Woocommerce utiliza su Informaci\u00f3n personal aqu\u00ed: https:\/\/automattic.com\/privacy\/.\u00a0 Tambi\u00e9n utilizamos Google Analytics para ayudarnos a comprender c\u00f3mo usan nuestros clientes el Sitio. Puede obtener m\u00e1s informaci\u00f3n sobre c\u00f3mo Google utiliza su Informaci\u00f3n personal aqu\u00ed: https:\/\/www.google.com\/intl\/es\/policies\/privacy\/.\u00a0 Puede darse de baja de Google Analytics aqu\u00ed: https:\/\/tools.google.com\/dlpage\/gaoptout.<\/p><p>\u00a0<\/p><p>Finalmente, tambi\u00e9n podemos compartir su Informaci\u00f3n personal para cumplir con las leyes y regulaciones aplicables, para responder a una citaci\u00f3n, orden de registro u otra solicitud legal de informaci\u00f3n que recibamos, o para proteger nuestros derechos.<\/p><p>[[INCLUIR SI SE USA REMARKETING O PUBLICIDAD DIRIGIDA]]<\/p><p>PUBLICIDAD ORIENTADA POR EL COMPORTAMIENTO<\/p><p>Como se describi\u00f3 anteriormente, utilizamos su Informaci\u00f3n personal para proporcionarle anuncios publicitarios dirigidos o comunicaciones de marketing que creemos que pueden ser de su inter\u00e9s.\u00a0 Para m\u00e1s informaci\u00f3n sobre c\u00f3mo funciona la publicidad dirigida, puede visitar la p\u00e1gina educativa de la Iniciativa Publicitaria en la Red (&#8220;NAI&#8221; por sus siglas en ingl\u00e9s) en http:\/\/www.networkadvertising.org\/understanding-online-advertising\/how-does-it-work.<\/p><p>\u00a0<\/p><p>Puede darse de baja de la publicidad dirigida mediante los siguientes enlaces:<\/p><p>[[<\/p><p>\u00a0INCLUIR ENLACES PARA DARSE DE BAJA DE CUALQUIER SERVICIO QUE SE UTILICE.<\/p><p>\u00a0 ALGUNOS ENLACES FRECUENTES INCLUYEN:<\/p><p>\u00a0FACEBOOK: https:\/\/www.facebook.com\/settings\/?tab=ads<\/p><p>\u00a0\u00a0\u00a0 GOOGLE: https:\/\/adssettings.google.com\/authenticated?hl=es<\/p><p>\u00a0\u00a0\u00a0 BING: https:\/\/about.ads.microsoft.com\/es-es\/recursos\/directivas\/anuncios-personalizados<\/p><p>]]<\/p><p>Adem\u00e1s, puede darse de baja de algunos de estos servicios visitando el portal de exclusi\u00f3n voluntaria de Digital Advertising Alliance en: ttp:\/\/optout.aboutads.info\/.<\/p><p>\u00a0<\/p><p>NO RASTREAR<\/p><p>Tenga en cuenta que no alteramos las pr\u00e1cticas de recopilaci\u00f3n y uso de datos de nuestro Sitio cuando vemos una se\u00f1al de No rastrear desde su navegador.<\/p><p>\u00a0<\/p><p>[[INCLUIR SI LA TIENDA EST\u00c1 UBICADA EN EUROPA O SI TIENE CLIENTES EN EUROPA]]<\/p><p>SUS DERECHOS<\/p><p>Si usted es un residente europeo, tiene derecho a acceder a la informaci\u00f3n personal que tenemos sobre usted y a solicitar que su informaci\u00f3n personal sea corregida, actualizada o eliminada. Si desea ejercer este derecho, comun\u00edquese con nosotros a trav\u00e9s de la informaci\u00f3n de contacto que se encuentra a continuaci\u00f3n.<\/p><p>Adem\u00e1s, si usted es un residente europeo, tenemos en cuenta que estamos procesando su informaci\u00f3n para cumplir con los contratos que podamos tener con usted (por ejemplo, si realiza un pedido a trav\u00e9s del Sitio) o para perseguir nuestros intereses comerciales leg\u00edtimos enumerados anteriormente.\u00a0 Adem\u00e1s, tenga en cuenta que su informaci\u00f3n se transferir\u00e1 fuera de Europa, incluidos Canad\u00e1 y los Estados Unidos.<\/p><p>\u00a0<\/p><p>RETENCI\u00d3N DE DATOS<\/p><p>Cuando realiza un pedido a trav\u00e9s del Sitio, mantendremos su Informaci\u00f3n del pedido para nuestros registros a menos que y hasta que nos pida que eliminemos esta informaci\u00f3n.<\/p><p>\u00a0<\/p><p>CAMBIOS<\/p><p>Podemos actualizar esta pol\u00edtica de privacidad peri\u00f3dicamente para reflejar, por ejemplo, cambios en nuestras pr\u00e1cticas o por otros motivos operativos, legales o reglamentarios.<\/p><p>CONT\u00c1CTENOS<\/p><p>Para obtener m\u00e1s informaci\u00f3n sobre nuestras pr\u00e1cticas de privacidad, si tiene alguna pregunta o si desea presentar una queja, cont\u00e1ctenos por correo electr\u00f3nico a gfc.agency.24@gmail.com o por correo mediante el uso de la informaci\u00f3n que se proporciona a continuaci\u00f3n:<\/p><p>\u00a0<\/p><p>\u00a025 de Mayo 1270, C\u00f3rdoba, X, 5004, Argentina<\/p>\t\t\t\t\t\t\t\t<\/div>\n\t\t\t\t<\/div>\n\t\t\t\t<div class=\"elementor-element elementor-element-ed96322 elementor-align-center elementor-widget elementor-widget-button\" data-id=\"ed96322\" data-element_type=\"widget\" data-e-type=\"widget\" data-widget_type=\"button.default\">\n\t\t\t\t<div class=\"elementor-widget-container\">\n\t\t\t\t\t\t\t\t\t<div class=\"elementor-button-wrapper\">\n\t\t\t\t\t<a class=\"elementor-button elementor-button-link elementor-size-xs\" href=\"#\">\n\t\t\t\t\t\t<span class=\"elementor-button-content-wrapper\">\n\t\t\t\t\t\t\t\t\t<span class=\"elementor-button-text\">Inicio<\/span>\n\t\t\t\t\t<\/span>\n\t\t\t\t\t<\/a>\n\t\t\t\t<\/div>\n\t\t\t\t\t\t\t\t<\/div>\n\t\t\t\t<\/div>\n\t\t\t\t\t<\/div>\n\t\t<\/div>\n\t\t\t\t\t<\/div>\n\t\t<\/section>\n\t\t\t\t<\/div>\n\t\t","protected":false},"excerpt":{"rendered":"<p>POL\u00cdTICA DE PRIVACIDAD Pol\u00edtica de privacidad de GFC AGENCY \u00a0 Esta Pol\u00edtica de privacidad describe c\u00f3mo se recopila, utiliza y comparte su informaci\u00f3n personal cuando visita o hace una compra en gfcagency.com.ar (denominado en lo sucesivo el \u201cSitio\u201d). \u00a0 INFORMACI\u00d3N PERSONAL QUE RECOPILAMOS \u00a0 Cuando visita el Sitio, recopilamos autom\u00e1ticamente cierta informaci\u00f3n sobre su dispositivo, [&hellip;]<\/p>\n","protected":false},"author":2,"featured_media":0,"parent":0,"menu_order":0,"comment_status":"closed","ping_status":"closed","template":"","meta":{"site-sidebar-layout":"no-sidebar","site-content-layout":"page-builder","ast-site-content-layout":"full-width-container","site-content-style":"default","site-sidebar-style":"default","ast-global-header-display":"disabled","ast-banner-title-visibility":"","ast-main-header-display":"","ast-hfb-above-header-display":"","ast-hfb-below-header-display":"","ast-hfb-mobile-header-display":"","site-post-title":"disabled","ast-breadcrumbs-content":"","ast-featured-img":"disabled","footer-sml-layout":"","ast-disable-related-posts":"","theme-transparent-header-meta":"enabled","adv-header-id-meta":"","stick-header-meta":"","header-above-stick-meta":"","header-main-stick-meta":"","header-below-stick-meta":"","astra-migrate-meta-layouts":"set","ast-page-background-enabled":"default","ast-page-background-meta":{"desktop":{"background-color":"var(--ast-global-color-4)","background-image":"","background-repeat":"repeat","background-position":"center center","background-size":"auto","background-attachment":"scroll","background-type":"","background-media":"","overlay-type":"","overlay-color":"","overlay-opacity":"","overlay-gradient":""},"tablet":{"background-color":"","background-image":"","background-repeat":"repeat","background-position":"center center","background-size":"auto","background-attachment":"scroll","background-type":"","background-media":"","overlay-type":"","overlay-color":"","overlay-opacity":"","overlay-gradient":""},"mobile":{"background-color":"","background-image":"","background-repeat":"repeat","background-position":"center center","background-size":"auto","background-attachment":"scroll","background-type":"","background-media":"","overlay-type":"","overlay-color":"","overlay-opacity":"","overlay-gradient":""}},"ast-content-background-meta":{"desktop":{"background-color":"var(--ast-global-color-5)","background-image":"","background-repeat":"repeat","background-position":"center center","background-size":"auto","background-attachment":"scroll","background-type":"","background-media":"","overlay-type":"","overlay-color":"","overlay-opacity":"","overlay-gradient":""},"tablet":{"background-color":"var(--ast-global-color-5)","background-image":"","background-repeat":"repeat","background-position":"center center","background-size":"auto","background-attachment":"scroll","background-type":"","background-media":"","overlay-type":"","overlay-color":"","overlay-opacity":"","overlay-gradient":""},"mobile":{"background-color":"var(--ast-global-color-5)","background-image":"","background-repeat":"repeat","background-position":"center center","background-size":"auto","background-attachment":"scroll","background-type":"","background-media":"","overlay-type":"","overlay-color":"","overlay-opacity":"","overlay-gradient":""}},"footnotes":""},"class_list":["post-55","page","type-page","status-publish","hentry"],"yoast_head":"<!-- This site is optimized with the Yoast SEO plugin v26.9 - https:\/\/yoast.com\/product\/yoast-seo-wordpress\/ -->\n<title>Pol\u00edtica de Privacidad -<\/title>\n<meta name=\"robots\" content=\"index, follow, max-snippet:-1, max-image-preview:large, max-video-preview:-1\" \/>\n<link rel=\"canonical\" href=\"https:\/\/gfcagency.com.ar\/index.php\/politica-de-privacidad\/\" \/>\n<meta property=\"og:locale\" content=\"es_ES\" \/>\n<meta property=\"og:type\" content=\"article\" \/>\n<meta property=\"og:title\" content=\"Pol\u00edtica de Privacidad -\" \/>\n<meta property=\"og:description\" content=\"POL\u00cdTICA DE PRIVACIDAD Pol\u00edtica de privacidad de GFC AGENCY \u00a0 Esta Pol\u00edtica de privacidad describe c\u00f3mo se recopila, utiliza y comparte su informaci\u00f3n personal cuando visita o hace una compra en gfcagency.com.ar (denominado en lo sucesivo el \u201cSitio\u201d). \u00a0 INFORMACI\u00d3N PERSONAL QUE RECOPILAMOS \u00a0 Cuando visita el Sitio, recopilamos autom\u00e1ticamente cierta informaci\u00f3n sobre su dispositivo, [&hellip;]\" \/>\n<meta property=\"og:url\" content=\"https:\/\/gfcagency.com.ar\/index.php\/politica-de-privacidad\/\" \/>\n<meta property=\"article:modified_time\" content=\"2024-03-05T22:05:03+00:00\" \/>\n<meta name=\"twitter:card\" content=\"summary_large_image\" \/>\n<meta name=\"twitter:label1\" content=\"Tiempo de lectura\" \/>\n\t<meta name=\"twitter:data1\" content=\"6 minutos\" \/>\n<script type=\"application\/ld+json\" class=\"yoast-schema-graph\">{\"@context\":\"https:\/\/schema.org\",\"@graph\":[{\"@type\":\"WebPage\",\"@id\":\"https:\/\/gfcagency.com.ar\/index.php\/politica-de-privacidad\/\",\"url\":\"https:\/\/gfcagency.com.ar\/index.php\/politica-de-privacidad\/\",\"name\":\"Pol\u00edtica de Privacidad -\",\"isPartOf\":{\"@id\":\"https:\/\/gfcagency.com.ar\/#website\"},\"datePublished\":\"2024-01-30T18:48:20+00:00\",\"dateModified\":\"2024-03-05T22:05:03+00:00\",\"breadcrumb\":{\"@id\":\"https:\/\/gfcagency.com.ar\/index.php\/politica-de-privacidad\/#breadcrumb\"},\"inLanguage\":\"es-AR\",\"potentialAction\":[{\"@type\":\"ReadAction\",\"target\":[\"https:\/\/gfcagency.com.ar\/index.php\/politica-de-privacidad\/\"]}]},{\"@type\":\"BreadcrumbList\",\"@id\":\"https:\/\/gfcagency.com.ar\/index.php\/politica-de-privacidad\/#breadcrumb\",\"itemListElement\":[{\"@type\":\"ListItem\",\"position\":1,\"name\":\"Inicio\",\"item\":\"https:\/\/gfcagency.com.ar\/\"},{\"@type\":\"ListItem\",\"position\":2,\"name\":\"Pol\u00edtica de Privacidad\"}]},{\"@type\":\"WebSite\",\"@id\":\"https:\/\/gfcagency.com.ar\/#website\",\"url\":\"https:\/\/gfcagency.com.ar\/\",\"name\":\"https:\/\/gfcagency.com.ar\/\",\"description\":\"E-Commerce y Marketing Digital\",\"publisher\":{\"@id\":\"https:\/\/gfcagency.com.ar\/#organization\"},\"potentialAction\":[{\"@type\":\"SearchAction\",\"target\":{\"@type\":\"EntryPoint\",\"urlTemplate\":\"https:\/\/gfcagency.com.ar\/?s={search_term_string}\"},\"query-input\":{\"@type\":\"PropertyValueSpecification\",\"valueRequired\":true,\"valueName\":\"search_term_string\"}}],\"inLanguage\":\"es-AR\"},{\"@type\":\"Organization\",\"@id\":\"https:\/\/gfcagency.com.ar\/#organization\",\"name\":\"gfc agency\",\"url\":\"https:\/\/gfcagency.com.ar\/\",\"logo\":{\"@type\":\"ImageObject\",\"inLanguage\":\"es-AR\",\"@id\":\"https:\/\/gfcagency.com.ar\/#\/schema\/logo\/image\/\",\"url\":\"https:\/\/gfcagency.com.ar\/wp-content\/uploads\/2022\/05\/horizontal_on_white_by_logaster_CFG.png\",\"contentUrl\":\"https:\/\/gfcagency.com.ar\/wp-content\/uploads\/2022\/05\/horizontal_on_white_by_logaster_CFG.png\",\"width\":330,\"height\":150,\"caption\":\"gfc agency\"},\"image\":{\"@id\":\"https:\/\/gfcagency.com.ar\/#\/schema\/logo\/image\/\"}}]}<\/script>\n<!-- \/ Yoast SEO plugin. -->","yoast_head_json":{"title":"Pol\u00edtica de Privacidad -","robots":{"index":"index","follow":"follow","max-snippet":"max-snippet:-1","max-image-preview":"max-image-preview:large","max-video-preview":"max-video-preview:-1"},"canonical":"https:\/\/gfcagency.com.ar\/index.php\/politica-de-privacidad\/","og_locale":"es_ES","og_type":"article","og_title":"Pol\u00edtica de Privacidad -","og_description":"POL\u00cdTICA DE PRIVACIDAD Pol\u00edtica de privacidad de GFC AGENCY \u00a0 Esta Pol\u00edtica de privacidad describe c\u00f3mo se recopila, utiliza y comparte su informaci\u00f3n personal cuando visita o hace una compra en gfcagency.com.ar (denominado en lo sucesivo el \u201cSitio\u201d). \u00a0 INFORMACI\u00d3N PERSONAL QUE RECOPILAMOS \u00a0 Cuando visita el Sitio, recopilamos autom\u00e1ticamente cierta informaci\u00f3n sobre su dispositivo, [&hellip;]","og_url":"https:\/\/gfcagency.com.ar\/index.php\/politica-de-privacidad\/","article_modified_time":"2024-03-05T22:05:03+00:00","twitter_card":"summary_large_image","twitter_misc":{"Tiempo de lectura":"6 minutos"},"schema":{"@context":"https:\/\/schema.org","@graph":[{"@type":"WebPage","@id":"https:\/\/gfcagency.com.ar\/index.php\/politica-de-privacidad\/","url":"https:\/\/gfcagency.com.ar\/index.php\/politica-de-privacidad\/","name":"Pol\u00edtica de Privacidad -","isPartOf":{"@id":"https:\/\/gfcagency.com.ar\/#website"},"datePublished":"2024-01-30T18:48:20+00:00","dateModified":"2024-03-05T22:05:03+00:00","breadcrumb":{"@id":"https:\/\/gfcagency.com.ar\/index.php\/politica-de-privacidad\/#breadcrumb"},"inLanguage":"es-AR","potentialAction":[{"@type":"ReadAction","target":["https:\/\/gfcagency.com.ar\/index.php\/politica-de-privacidad\/"]}]},{"@type":"BreadcrumbList","@id":"https:\/\/gfcagency.com.ar\/index.php\/politica-de-privacidad\/#breadcrumb","itemListElement":[{"@type":"ListItem","position":1,"name":"Inicio","item":"https:\/\/gfcagency.com.ar\/"},{"@type":"ListItem","position":2,"name":"Pol\u00edtica de Privacidad"}]},{"@type":"WebSite","@id":"https:\/\/gfcagency.com.ar\/#website","url":"https:\/\/gfcagency.com.ar\/","name":"https:\/\/gfcagency.com.ar\/","description":"E-Commerce y Marketing Digital","publisher":{"@id":"https:\/\/gfcagency.com.ar\/#organization"},"potentialAction":[{"@type":"SearchAction","target":{"@type":"EntryPoint","urlTemplate":"https:\/\/gfcagency.com.ar\/?s={search_term_string}"},"query-input":{"@type":"PropertyValueSpecification","valueRequired":true,"valueName":"search_term_string"}}],"inLanguage":"es-AR"},{"@type":"Organization","@id":"https:\/\/gfcagency.com.ar\/#organization","name":"gfc agency","url":"https:\/\/gfcagency.com.ar\/","logo":{"@type":"ImageObject","inLanguage":"es-AR","@id":"https:\/\/gfcagency.com.ar\/#\/schema\/logo\/image\/","url":"https:\/\/gfcagency.com.ar\/wp-content\/uploads\/2022\/05\/horizontal_on_white_by_logaster_CFG.png","contentUrl":"https:\/\/gfcagency.com.ar\/wp-content\/uploads\/2022\/05\/horizontal_on_white_by_logaster_CFG.png","width":330,"height":150,"caption":"gfc agency"},"image":{"@id":"https:\/\/gfcagency.com.ar\/#\/schema\/logo\/image\/"}}]}},"_links":{"self":[{"href":"https:\/\/gfcagency.com.ar\/index.php\/wp-json\/wp\/v2\/pages\/55","targetHints":{"allow":["GET"]}}],"collection":[{"href":"https:\/\/gfcagency.com.ar\/index.php\/wp-json\/wp\/v2\/pages"}],"about":[{"href":"https:\/\/gfcagency.com.ar\/index.php\/wp-json\/wp\/v2\/types\/page"}],"author":[{"embeddable":true,"href":"https:\/\/gfcagency.com.ar\/index.php\/wp-json\/wp\/v2\/users\/2"}],"replies":[{"embeddable":true,"href":"https:\/\/gfcagency.com.ar\/index.php\/wp-json\/wp\/v2\/comments?post=55"}],"version-history":[{"count":46,"href":"https:\/\/gfcagency.com.ar\/index.php\/wp-json\/wp\/v2\/pages\/55\/revisions"}],"predecessor-version":[{"id":829,"href":"https:\/\/gfcagency.com.ar\/index.php\/wp-json\/wp\/v2\/pages\/55\/revisions\/829"}],"wp:attachment":[{"href":"https:\/\/gfcagency.com.ar\/index.php\/wp-json\/wp\/v2\/media?parent=55"}],"curies":[{"name":"wp","href":"https:\/\/api.w.org\/{rel}","templated":true}]}}