{"id":1144,"date":"2025-02-05T20:21:15","date_gmt":"2025-02-05T23:21:15","guid":{"rendered":"https:\/\/gfcagency.com.ar\/?post_type=product&#038;p=1144"},"modified":"2025-02-06T18:05:45","modified_gmt":"2025-02-06T21:05:45","slug":"descuento-20-plan-premium-web-48-meses","status":"publish","type":"product","link":"https:\/\/gfcagency.com.ar\/index.php\/producto\/descuento-20-plan-premium-web-48-meses\/","title":{"rendered":"DESCUENTO 20% PLAN PREMIUM WEB 48 MESES"},"content":{"rendered":"<h3 id=\"h-premium\" class=\"wp-block-heading\">Premium<\/h3>\n<p>El plan Premium te permite crear y gestionar hasta 100 sitios web simult\u00e1neamente. Es una opci\u00f3n rentable para quienes desean utilizar un plan para alojar varios sitios. El plan Premium cuesta a partir de\u00a0<strong>AR$ 3499.00<\/strong>\u00a0<strong>al mes (x 48 meses)<\/strong>.<\/p>\n<p>Aunque puedes\u00a0<a href=\"https:\/\/www.hostinger.com.ar\/tutoriales\/como-alojar-pagina-web-en-servidor\" data-wpel-link=\"internal\">alojar varios sitios web<\/a>, recuerda que \u00e9ste sigue siendo un plan de alojamiento web tradicional. Puede que necesites un paquete m\u00e1s potente, como el Cloud Hosting, para alojar muchos sitios que consuman muchos recursos. A\u00fan as\u00ed, nuestro plan Premium deber\u00eda ser suficiente para sitios web peque\u00f1os.<\/p>\n<p>Aunque es nuestro plan de\u00a0<a href=\"https:\/\/www.hostinger.com.ar\/hosting-barato\" data-wpel-link=\"internal\">hosting m\u00e1s barato<\/a>, el plan Premium incluye\u00a0<strong>100 GB\u00a0<\/strong>de<strong>\u00a0<\/strong>almacenamiento SSD, ancho de banda ilimitado, un\u00a0<a href=\"https:\/\/www.hostinger.com.ar\/certificado-ssl-gratis\" data-wpel-link=\"internal\">certificado SSL gratuito<\/a>, cuentas FTP ilimitadas, hasta 100\u00a0<a href=\"https:\/\/www.hostinger.com.ar\/correo-profesional\" data-wpel-link=\"internal\">cuentas de correo electr\u00f3nico basadas en tu dominio<\/a>, hasta 100 subdominios y un dominio personalizado gratuito durante un a\u00f1o.<\/p>\n<p>Como el resto de nuestros planes de alojamiento, tambi\u00e9n ofrecemos asistencia por correo electr\u00f3nico y chat en directo 24\/7.<\/p>\n<h4 id=\"h-para-quien-es-adecuado-este-plan\" class=\"wp-block-heading\"><strong>\u00bfPara qui\u00e9n es adecuado este plan?<\/strong><\/h4>\n<ul class=\"wp-block-list\">\n<li>Usuarios con muchos blogs o peque\u00f1as tiendas online que no utilizan temas y plugins que consumen muchos recursos<\/li>\n<li>Usuarios con pocos sitios web de tama\u00f1o medio<\/li>\n<li>Principiantes de desarrollo web<\/li>\n<li>Usuarios de WordPress y otros CMS<\/li>\n<\/ul>\n<h2 id=\"h-por-que-comprar-hosting-en-hostinger\" class=\"wp-block-heading\">\u00bfPor qu\u00e9 comprar hosting en Hostinger?<\/h2>\n<p>Hay miles de proveedores de servicios de hosting web en el mundo, lo que puede dificultar la\u00a0<a href=\"https:\/\/www.hostinger.com.ar\/tutoriales\/como-elegir-un-hosting\" data-wpel-link=\"internal\"><u>elecci\u00f3n de un proveedor de hosting web<\/u><\/a>. Hostinger destaca debido a sus m\u00faltiples ventajas, incluyendo:<\/p>\n<ul class=\"wp-block-list\">\n<li><strong>Soporte 24\/7.\u00a0<\/strong>Los usuarios pueden contactar al equipo de \u00c9xito del Cliente de Hostinger en cualquier momento, ya sea por email o chat en directo.<\/li>\n<li><strong>Alto rendimiento.\u00a0<\/strong>Hostinger tiene varios centros de datos a nivel mundial y usa servidores web LiteSpeed para asegurar un rendimiento \u00f3ptimo y un tiempo de carga veloz.<\/li>\n<li><strong>Confiabilidad.\u00a0<\/strong>El servicio de hosting web de Hostinger tiene una garant\u00eda de tiempo de actividad del 99,9 % y usa almacenamiento de estado s\u00f3lido (SSD), que es\u00a0<a href=\"https:\/\/www.zdnet.com\/article\/are-ssds-more-reliable-than-hdds-this-research-may-have-the-answer\/\" target=\"_blank\" rel=\"noreferrer noopener nofollow external\" data-wpel-link=\"external\"><u>m\u00e1s duradero que las unidades de disco duro tradicionales<\/u><\/a>.<\/li>\n<li><strong>Servicios gratuitos<\/strong>. La mayor\u00eda de los planes de hosting web en Hostinger vienen con un dominio gratis, una direcci\u00f3n de email personalizada y un certificado de capa de sockets seguros (SSL) ilimitado.<\/li>\n<li><strong>Garant\u00eda de devoluci\u00f3n de dinero<\/strong>. Prueba los planes de Hostinger sin riesgos.<\/li>\n<\/ul>\n","protected":false},"excerpt":{"rendered":"<p>Un hosting es un servicio online que hace que se pueda acceder a tu sitio web en Internet. Al\u00a0comprar un\u00a0<a href=\"https:\/\/www.hostinger.com.ar\/hosting-web\" data-wpel-link=\"internal\">hosting web<\/a>, est\u00e1s alquilando un espacio en un servidor que almacena todos los archivos y datos de tu sitio web para que funcione correctamente. Los proveedores de hosting web proporcionan la\u00a0<a href=\"https:\/\/www.hostinger.com.ar\/tecnologia\" data-wpel-link=\"internal\">tecnolog\u00eda<\/a>\u00a0y los recursos necesarios para que tu sitio web funcione de forma eficaz y segura.<\/p>\n","protected":false},"featured_media":1171,"comment_status":"open","ping_status":"closed","template":"","meta":{"site-sidebar-layout":"default","site-content-layout":"","ast-site-content-layout":"default","site-content-style":"default","site-sidebar-style":"default","ast-global-header-display":"","ast-banner-title-visibility":"","ast-main-header-display":"","ast-hfb-above-header-display":"","ast-hfb-below-header-display":"","ast-hfb-mobile-header-display":"","site-post-title":"","ast-breadcrumbs-content":"","ast-featured-img":"","footer-sml-layout":"","ast-disable-related-posts":"","theme-transparent-header-meta":"default","adv-header-id-meta":"","stick-header-meta":"default","header-above-stick-meta":"","header-main-stick-meta":"","header-below-stick-meta":"","astra-migrate-meta-layouts":"set","ast-page-background-enabled":"default","ast-page-background-meta":{"desktop":{"background-color":"var(--ast-global-color-4)","background-image":"","background-repeat":"repeat","background-position":"center center","background-size":"auto","background-attachment":"scroll","background-type":"","background-media":"","overlay-type":"","overlay-color":"","overlay-opacity":"","overlay-gradient":""},"tablet":{"background-color":"","background-image":"","background-repeat":"repeat","background-position":"center center","background-size":"auto","background-attachment":"scroll","background-type":"","background-media":"","overlay-type":"","overlay-color":"","overlay-opacity":"","overlay-gradient":""},"mobile":{"background-color":"","background-image":"","background-repeat":"repeat","background-position":"center center","background-size":"auto","background-attachment":"scroll","background-type":"","background-media":"","overlay-type":"","overlay-color":"","overlay-opacity":"","overlay-gradient":""}},"ast-content-background-meta":{"desktop":{"background-color":"var(--ast-global-color-5)","background-image":"","background-repeat":"repeat","background-position":"center center","background-size":"auto","background-attachment":"scroll","background-type":"","background-media":"","overlay-type":"","overlay-color":"","overlay-opacity":"","overlay-gradient":""},"tablet":{"background-color":"var(--ast-global-color-5)","background-image":"","background-repeat":"repeat","background-position":"center center","background-size":"auto","background-attachment":"scroll","background-type":"","background-media":"","overlay-type":"","overlay-color":"","overlay-opacity":"","overlay-gradient":""},"mobile":{"background-color":"var(--ast-global-color-5)","background-image":"","background-repeat":"repeat","background-position":"center center","background-size":"auto","background-attachment":"scroll","background-type":"","background-media":"","overlay-type":"","overlay-color":"","overlay-opacity":"","overlay-gradient":""}}},"product_brand":[],"product_cat":[28,22],"product_tag":[],"class_list":{"0":"post-1144","1":"product","2":"type-product","3":"status-publish","4":"has-post-thumbnail","6":"product_cat-hosting-web","7":"product_cat-hosting","8":"desktop-align-left","9":"tablet-align-left","10":"mobile-align-left","11":"ast-product-gallery-layout-horizontal-slider","12":"ast-product-tabs-layout-horizontal","14":"first","15":"instock","16":"shipping-taxable","17":"product-type-external"},"yoast_head":"<!-- This site is optimized with the Yoast SEO plugin v26.9 - https:\/\/yoast.com\/product\/yoast-seo-wordpress\/ -->\n<title>DESCUENTO 20% PLAN PREMIUM WEB 48 MESES -<\/title>\n<meta name=\"robots\" content=\"index, follow, max-snippet:-1, max-image-preview:large, max-video-preview:-1\" \/>\n<link rel=\"canonical\" href=\"https:\/\/gfcagency.com.ar\/index.php\/producto\/descuento-20-plan-premium-web-48-meses\/\" \/>\n<meta property=\"og:locale\" content=\"es_ES\" \/>\n<meta property=\"og:type\" content=\"article\" \/>\n<meta property=\"og:title\" content=\"DESCUENTO 20% PLAN PREMIUM WEB 48 MESES -\" \/>\n<meta property=\"og:description\" content=\"Un hosting es un servicio online que hace que se pueda acceder a tu sitio web en Internet. Al\u00a0comprar un\u00a0hosting web, est\u00e1s alquilando un espacio en un servidor que almacena todos los archivos y datos de tu sitio web para que funcione correctamente. Los proveedores de hosting web proporcionan la\u00a0tecnolog\u00eda\u00a0y los recursos necesarios para que tu sitio web funcione de forma eficaz y segura.\" \/>\n<meta property=\"og:url\" content=\"https:\/\/gfcagency.com.ar\/index.php\/producto\/descuento-20-plan-premium-web-48-meses\/\" \/>\n<meta property=\"article:modified_time\" content=\"2025-02-06T21:05:45+00:00\" \/>\n<meta property=\"og:image\" content=\"https:\/\/gfcagency.com.ar\/wp-content\/uploads\/2025\/02\/PREMIUM-WEB-48-MESES.png\" \/>\n\t<meta property=\"og:image:width\" content=\"1200\" \/>\n\t<meta property=\"og:image:height\" content=\"630\" \/>\n\t<meta property=\"og:image:type\" content=\"image\/png\" \/>\n<meta name=\"twitter:card\" content=\"summary_large_image\" \/>\n<meta name=\"twitter:label1\" content=\"Tiempo de lectura\" \/>\n\t<meta name=\"twitter:data1\" content=\"2 minutos\" \/>\n<script type=\"application\/ld+json\" class=\"yoast-schema-graph\">{\"@context\":\"https:\/\/schema.org\",\"@graph\":[{\"@type\":\"WebPage\",\"@id\":\"https:\/\/gfcagency.com.ar\/index.php\/producto\/descuento-20-plan-premium-web-48-meses\/\",\"url\":\"https:\/\/gfcagency.com.ar\/index.php\/producto\/descuento-20-plan-premium-web-48-meses\/\",\"name\":\"DESCUENTO 20% PLAN PREMIUM WEB 48 MESES -\",\"isPartOf\":{\"@id\":\"https:\/\/gfcagency.com.ar\/#website\"},\"primaryImageOfPage\":{\"@id\":\"https:\/\/gfcagency.com.ar\/index.php\/producto\/descuento-20-plan-premium-web-48-meses\/#primaryimage\"},\"image\":{\"@id\":\"https:\/\/gfcagency.com.ar\/index.php\/producto\/descuento-20-plan-premium-web-48-meses\/#primaryimage\"},\"thumbnailUrl\":\"https:\/\/gfcagency.com.ar\/wp-content\/uploads\/2025\/02\/PREMIUM-WEB-48-MESES.png\",\"datePublished\":\"2025-02-05T23:21:15+00:00\",\"dateModified\":\"2025-02-06T21:05:45+00:00\",\"breadcrumb\":{\"@id\":\"https:\/\/gfcagency.com.ar\/index.php\/producto\/descuento-20-plan-premium-web-48-meses\/#breadcrumb\"},\"inLanguage\":\"es-AR\",\"potentialAction\":[{\"@type\":\"ReadAction\",\"target\":[\"https:\/\/gfcagency.com.ar\/index.php\/producto\/descuento-20-plan-premium-web-48-meses\/\"]}]},{\"@type\":\"ImageObject\",\"inLanguage\":\"es-AR\",\"@id\":\"https:\/\/gfcagency.com.ar\/index.php\/producto\/descuento-20-plan-premium-web-48-meses\/#primaryimage\",\"url\":\"https:\/\/gfcagency.com.ar\/wp-content\/uploads\/2025\/02\/PREMIUM-WEB-48-MESES.png\",\"contentUrl\":\"https:\/\/gfcagency.com.ar\/wp-content\/uploads\/2025\/02\/PREMIUM-WEB-48-MESES.png\",\"width\":1200,\"height\":630},{\"@type\":\"BreadcrumbList\",\"@id\":\"https:\/\/gfcagency.com.ar\/index.php\/producto\/descuento-20-plan-premium-web-48-meses\/#breadcrumb\",\"itemListElement\":[{\"@type\":\"ListItem\",\"position\":1,\"name\":\"Inicio\",\"item\":\"https:\/\/gfcagency.com.ar\/\"},{\"@type\":\"ListItem\",\"position\":2,\"name\":\"Tienda\",\"item\":\"https:\/\/gfcagency.com.ar\/?page_id=764\"},{\"@type\":\"ListItem\",\"position\":3,\"name\":\"DESCUENTO 20% PLAN PREMIUM WEB 48 MESES\"}]},{\"@type\":\"WebSite\",\"@id\":\"https:\/\/gfcagency.com.ar\/#website\",\"url\":\"https:\/\/gfcagency.com.ar\/\",\"name\":\"https:\/\/gfcagency.com.ar\/\",\"description\":\"E-Commerce y Marketing Digital\",\"publisher\":{\"@id\":\"https:\/\/gfcagency.com.ar\/#organization\"},\"potentialAction\":[{\"@type\":\"SearchAction\",\"target\":{\"@type\":\"EntryPoint\",\"urlTemplate\":\"https:\/\/gfcagency.com.ar\/?s={search_term_string}\"},\"query-input\":{\"@type\":\"PropertyValueSpecification\",\"valueRequired\":true,\"valueName\":\"search_term_string\"}}],\"inLanguage\":\"es-AR\"},{\"@type\":\"Organization\",\"@id\":\"https:\/\/gfcagency.com.ar\/#organization\",\"name\":\"gfc agency\",\"url\":\"https:\/\/gfcagency.com.ar\/\",\"logo\":{\"@type\":\"ImageObject\",\"inLanguage\":\"es-AR\",\"@id\":\"https:\/\/gfcagency.com.ar\/#\/schema\/logo\/image\/\",\"url\":\"https:\/\/gfcagency.com.ar\/wp-content\/uploads\/2022\/05\/horizontal_on_white_by_logaster_CFG.png\",\"contentUrl\":\"https:\/\/gfcagency.com.ar\/wp-content\/uploads\/2022\/05\/horizontal_on_white_by_logaster_CFG.png\",\"width\":330,\"height\":150,\"caption\":\"gfc agency\"},\"image\":{\"@id\":\"https:\/\/gfcagency.com.ar\/#\/schema\/logo\/image\/\"}}]}<\/script>\n<!-- \/ Yoast SEO plugin. -->","yoast_head_json":{"title":"DESCUENTO 20% PLAN PREMIUM WEB 48 MESES -","robots":{"index":"index","follow":"follow","max-snippet":"max-snippet:-1","max-image-preview":"max-image-preview:large","max-video-preview":"max-video-preview:-1"},"canonical":"https:\/\/gfcagency.com.ar\/index.php\/producto\/descuento-20-plan-premium-web-48-meses\/","og_locale":"es_ES","og_type":"article","og_title":"DESCUENTO 20% PLAN PREMIUM WEB 48 MESES -","og_description":"Un hosting es un servicio online que hace que se pueda acceder a tu sitio web en Internet. Al\u00a0comprar un\u00a0hosting web, est\u00e1s alquilando un espacio en un servidor que almacena todos los archivos y datos de tu sitio web para que funcione correctamente. Los proveedores de hosting web proporcionan la\u00a0tecnolog\u00eda\u00a0y los recursos necesarios para que tu sitio web funcione de forma eficaz y segura.","og_url":"https:\/\/gfcagency.com.ar\/index.php\/producto\/descuento-20-plan-premium-web-48-meses\/","article_modified_time":"2025-02-06T21:05:45+00:00","og_image":[{"width":1200,"height":630,"url":"https:\/\/gfcagency.com.ar\/wp-content\/uploads\/2025\/02\/PREMIUM-WEB-48-MESES.png","type":"image\/png"}],"twitter_card":"summary_large_image","twitter_misc":{"Tiempo de lectura":"2 minutos"},"schema":{"@context":"https:\/\/schema.org","@graph":[{"@type":"WebPage","@id":"https:\/\/gfcagency.com.ar\/index.php\/producto\/descuento-20-plan-premium-web-48-meses\/","url":"https:\/\/gfcagency.com.ar\/index.php\/producto\/descuento-20-plan-premium-web-48-meses\/","name":"DESCUENTO 20% PLAN PREMIUM WEB 48 MESES -","isPartOf":{"@id":"https:\/\/gfcagency.com.ar\/#website"},"primaryImageOfPage":{"@id":"https:\/\/gfcagency.com.ar\/index.php\/producto\/descuento-20-plan-premium-web-48-meses\/#primaryimage"},"image":{"@id":"https:\/\/gfcagency.com.ar\/index.php\/producto\/descuento-20-plan-premium-web-48-meses\/#primaryimage"},"thumbnailUrl":"https:\/\/gfcagency.com.ar\/wp-content\/uploads\/2025\/02\/PREMIUM-WEB-48-MESES.png","datePublished":"2025-02-05T23:21:15+00:00","dateModified":"2025-02-06T21:05:45+00:00","breadcrumb":{"@id":"https:\/\/gfcagency.com.ar\/index.php\/producto\/descuento-20-plan-premium-web-48-meses\/#breadcrumb"},"inLanguage":"es-AR","potentialAction":[{"@type":"ReadAction","target":["https:\/\/gfcagency.com.ar\/index.php\/producto\/descuento-20-plan-premium-web-48-meses\/"]}]},{"@type":"ImageObject","inLanguage":"es-AR","@id":"https:\/\/gfcagency.com.ar\/index.php\/producto\/descuento-20-plan-premium-web-48-meses\/#primaryimage","url":"https:\/\/gfcagency.com.ar\/wp-content\/uploads\/2025\/02\/PREMIUM-WEB-48-MESES.png","contentUrl":"https:\/\/gfcagency.com.ar\/wp-content\/uploads\/2025\/02\/PREMIUM-WEB-48-MESES.png","width":1200,"height":630},{"@type":"BreadcrumbList","@id":"https:\/\/gfcagency.com.ar\/index.php\/producto\/descuento-20-plan-premium-web-48-meses\/#breadcrumb","itemListElement":[{"@type":"ListItem","position":1,"name":"Inicio","item":"https:\/\/gfcagency.com.ar\/"},{"@type":"ListItem","position":2,"name":"Tienda","item":"https:\/\/gfcagency.com.ar\/?page_id=764"},{"@type":"ListItem","position":3,"name":"DESCUENTO 20% PLAN PREMIUM WEB 48 MESES"}]},{"@type":"WebSite","@id":"https:\/\/gfcagency.com.ar\/#website","url":"https:\/\/gfcagency.com.ar\/","name":"https:\/\/gfcagency.com.ar\/","description":"E-Commerce y Marketing Digital","publisher":{"@id":"https:\/\/gfcagency.com.ar\/#organization"},"potentialAction":[{"@type":"SearchAction","target":{"@type":"EntryPoint","urlTemplate":"https:\/\/gfcagency.com.ar\/?s={search_term_string}"},"query-input":{"@type":"PropertyValueSpecification","valueRequired":true,"valueName":"search_term_string"}}],"inLanguage":"es-AR"},{"@type":"Organization","@id":"https:\/\/gfcagency.com.ar\/#organization","name":"gfc agency","url":"https:\/\/gfcagency.com.ar\/","logo":{"@type":"ImageObject","inLanguage":"es-AR","@id":"https:\/\/gfcagency.com.ar\/#\/schema\/logo\/image\/","url":"https:\/\/gfcagency.com.ar\/wp-content\/uploads\/2022\/05\/horizontal_on_white_by_logaster_CFG.png","contentUrl":"https:\/\/gfcagency.com.ar\/wp-content\/uploads\/2022\/05\/horizontal_on_white_by_logaster_CFG.png","width":330,"height":150,"caption":"gfc agency"},"image":{"@id":"https:\/\/gfcagency.com.ar\/#\/schema\/logo\/image\/"}}]}},"_links":{"self":[{"href":"https:\/\/gfcagency.com.ar\/index.php\/wp-json\/wp\/v2\/product\/1144","targetHints":{"allow":["GET"]}}],"collection":[{"href":"https:\/\/gfcagency.com.ar\/index.php\/wp-json\/wp\/v2\/product"}],"about":[{"href":"https:\/\/gfcagency.com.ar\/index.php\/wp-json\/wp\/v2\/types\/product"}],"replies":[{"embeddable":true,"href":"https:\/\/gfcagency.com.ar\/index.php\/wp-json\/wp\/v2\/comments?post=1144"}],"wp:featuredmedia":[{"embeddable":true,"href":"https:\/\/gfcagency.com.ar\/index.php\/wp-json\/wp\/v2\/media\/1171"}],"wp:attachment":[{"href":"https:\/\/gfcagency.com.ar\/index.php\/wp-json\/wp\/v2\/media?parent=1144"}],"wp:term":[{"taxonomy":"product_brand","embeddable":true,"href":"https:\/\/gfcagency.com.ar\/index.php\/wp-json\/wp\/v2\/product_brand?post=1144"},{"taxonomy":"product_cat","embeddable":true,"href":"https:\/\/gfcagency.com.ar\/index.php\/wp-json\/wp\/v2\/product_cat?post=1144"},{"taxonomy":"product_tag","embeddable":true,"href":"https:\/\/gfcagency.com.ar\/index.php\/wp-json\/wp\/v2\/product_tag?post=1144"}],"curies":[{"name":"wp","href":"https:\/\/api.w.org\/{rel}","templated":true}]}}